{"id":833,"date":"2021-08-18T06:40:47","date_gmt":"2021-08-18T06:40:47","guid":{"rendered":"http:\/\/agathelecocq-avocat.fr\/?page_id=833"},"modified":"2026-04-22T14:20:48","modified_gmt":"2026-04-22T14:20:48","slug":"home","status":"publish","type":"page","link":"https:\/\/agathelecocq-avocat.fr\/","title":{"rendered":"Agathe LECOCQ &#8211; AVOCAT A LA COUR"},"content":{"rendered":"\t\t<div data-elementor-type=\"wp-page\" data-elementor-id=\"833\" class=\"elementor elementor-833\">\n\t\t\t\t\t\t\t\t\t<section class=\"elementor-section elementor-top-section elementor-element elementor-element-462630a elementor-section-stretched elementor-section-boxed elementor-section-height-default elementor-section-height-default\" data-id=\"462630a\" data-element_type=\"section\" data-settings=\"{&quot;stretch_section&quot;:&quot;section-stretched&quot;,&quot;animation&quot;:&quot;none&quot;}\">\n\t\t\t\t\t\t<div class=\"elementor-container elementor-column-gap-default\">\n\t\t\t\t\t<div class=\"elementor-column elementor-col-66 elementor-top-column elementor-element elementor-element-7e86ca2\" data-id=\"7e86ca2\" data-element_type=\"column\">\n\t\t\t<div class=\"elementor-widget-wrap elementor-element-populated\">\n\t\t\t\t\t\t\t\t<section class=\"elementor-section elementor-inner-section elementor-element elementor-element-3023457 elementor-section-boxed elementor-section-height-default elementor-section-height-default\" data-id=\"3023457\" data-element_type=\"section\">\n\t\t\t\t\t\t<div class=\"elementor-container elementor-column-gap-default\">\n\t\t\t\t\t<div class=\"elementor-column elementor-col-50 elementor-inner-column elementor-element elementor-element-790fa3e\" data-id=\"790fa3e\" data-element_type=\"column\">\n\t\t\t<div class=\"elementor-widget-wrap elementor-element-populated\">\n\t\t\t\t\t\t\t\t<div class=\"elementor-element elementor-element-7b4d6e5 elementor-view-default elementor-invisible elementor-widget elementor-widget-icon\" data-id=\"7b4d6e5\" data-element_type=\"widget\" data-settings=\"{&quot;_animation&quot;:&quot;fadeIn&quot;}\" data-widget_type=\"icon.default\">\n\t\t\t\t<div class=\"elementor-widget-container\">\n\t\t\t\t\t<div class=\"elementor-icon-wrapper\">\n\t\t\t<div class=\"elementor-icon\">\n\t\t\t<i aria-hidden=\"true\" class=\"fas fa-info-circle\"><\/i>\t\t\t<\/div>\n\t\t<\/div>\n\t\t\t\t<\/div>\n\t\t\t\t<\/div>\n\t\t\t\t\t<\/div>\n\t\t<\/div>\n\t\t\t\t<div class=\"elementor-column elementor-col-50 elementor-inner-column elementor-element elementor-element-aea6e02\" data-id=\"aea6e02\" data-element_type=\"column\">\n\t\t\t<div class=\"elementor-widget-wrap elementor-element-populated\">\n\t\t\t\t\t\t\t\t<div class=\"elementor-element elementor-element-bd5cf29 elementor-invisible elementor-widget elementor-widget-heading\" data-id=\"bd5cf29\" data-element_type=\"widget\" data-settings=\"{&quot;_animation&quot;:&quot;fadeIn&quot;}\" data-widget_type=\"heading.default\">\n\t\t\t\t<div class=\"elementor-widget-container\">\n\t\t\t<style>\/*! elementor - v3.7.7 - 20-09-2022 *\/\n.elementor-heading-title{padding:0;margin:0;line-height:1}.elementor-widget-heading .elementor-heading-title[class*=elementor-size-]>a{color:inherit;font-size:inherit;line-height:inherit}.elementor-widget-heading .elementor-heading-title.elementor-size-small{font-size:15px}.elementor-widget-heading .elementor-heading-title.elementor-size-medium{font-size:19px}.elementor-widget-heading .elementor-heading-title.elementor-size-large{font-size:29px}.elementor-widget-heading .elementor-heading-title.elementor-size-xl{font-size:39px}.elementor-widget-heading .elementor-heading-title.elementor-size-xxl{font-size:59px}<\/style><h1 class=\"elementor-heading-title elementor-size-default\">A propos<\/h1>\t\t<\/div>\n\t\t\t\t<\/div>\n\t\t\t\t\t<\/div>\n\t\t<\/div>\n\t\t\t\t\t\t\t<\/div>\n\t\t<\/section>\n\t\t\t\t<div class=\"elementor-element elementor-element-4621d48 elementor-widget elementor-widget-text-editor\" data-id=\"4621d48\" data-element_type=\"widget\" data-widget_type=\"text-editor.default\">\n\t\t\t\t<div class=\"elementor-widget-container\">\n\t\t\t<style>\/*! elementor - v3.7.7 - 20-09-2022 *\/\n.elementor-widget-text-editor.elementor-drop-cap-view-stacked .elementor-drop-cap{background-color:#818a91;color:#fff}.elementor-widget-text-editor.elementor-drop-cap-view-framed .elementor-drop-cap{color:#818a91;border:3px solid;background-color:transparent}.elementor-widget-text-editor:not(.elementor-drop-cap-view-default) .elementor-drop-cap{margin-top:8px}.elementor-widget-text-editor:not(.elementor-drop-cap-view-default) .elementor-drop-cap-letter{width:1em;height:1em}.elementor-widget-text-editor .elementor-drop-cap{float:left;text-align:center;line-height:1;font-size:50px}.elementor-widget-text-editor .elementor-drop-cap-letter{display:inline-block}<\/style>\t\t\t\t<p>Install\u00e9e au coeur du centre ville d&#8217;Aix-en-Provence, <strong>Ma\u00eetre Agathe LECOCQ <\/strong>met son expertise et sa d\u00e9termination au service de la d\u00e9fense de vos droits.<\/p><p>Que vous soyez confront\u00e9 \u00e0 un litige judiciaire ou que vous souhaitiez anticiper une difficult\u00e9, et r\u00e9soudre votre litige amiablement, le Cabinet vous accompagne avec une approche personnalis\u00e9e, alliant <strong>rigueur juridique, r\u00e9activit\u00e9 et accompagnement personnel.<\/strong>\u00a0<\/p><p>\u00a0<\/p><p><strong>Une pr\u00e9sence \u00e0 vos c\u00f4t\u00e9s, dans le cadre d&#8217;une proc\u00e9dure judiciaire comme dans le cadre amiable.\u00a0<\/strong><\/p><p>\u00a0<\/p><p>Parce que chaque dossier est unique, Ma\u00eetre LECOCQ privil\u00e9gie une \u00e9coute attentive pour d\u00e9finir la strat\u00e9gie la plus adapt\u00e9e \u00e0 vos enjeux.\u00a0<\/p><p>\u00a0<\/p><p>Elle assure votre repr\u00e9sentation devant l&#8217;ensemble des juridictions du ressort de la Cour d&#8217;Appel d&#8217;Aix-en-Provence (Tribunal Judiciaire, P\u00f4le de proximit\u00e9 &amp; Cour d&#8217;Appel).<\/p><p>\u00a0<\/p><p>\u00a0<strong>Proximit\u00e9 &amp; Disponibilit\u00e9:<\/strong><\/p><p>Le Cabinet vous re\u00e7oit sur rendez-vous du lundi au vendredi,\u00a0 au 30 rue Manuel &#8211; 13100 Aix-en-Provence.<\/p><div>\u00a0<\/div><div>\u00a0<\/div>\t\t\t\t\t\t<\/div>\n\t\t\t\t<\/div>\n\t\t\t\t\t<\/div>\n\t\t<\/div>\n\t\t\t\t<div class=\"elementor-column elementor-col-33 elementor-top-column elementor-element elementor-element-72a2529\" data-id=\"72a2529\" data-element_type=\"column\">\n\t\t\t<div class=\"elementor-widget-wrap elementor-element-populated\">\n\t\t\t\t\t\t\t\t<div class=\"elementor-element elementor-element-0a1227b elementor-widget elementor-widget-image\" data-id=\"0a1227b\" data-element_type=\"widget\" data-widget_type=\"image.default\">\n\t\t\t\t<div class=\"elementor-widget-container\">\n\t\t\t<style>\/*! elementor - v3.7.7 - 20-09-2022 *\/\n.elementor-widget-image{text-align:center}.elementor-widget-image a{display:inline-block}.elementor-widget-image a img[src$=\".svg\"]{width:48px}.elementor-widget-image img{vertical-align:middle;display:inline-block}<\/style>\t\t\t\t\t\t\t\t\t\t\t\t<img width=\"578\" height=\"1024\" src=\"https:\/\/agathelecocq-avocat.fr\/wp-content\/uploads\/2024\/11\/IMG-20241126-WA0001-578x1024.jpg\" class=\"attachment-large size-large\" alt=\"\" loading=\"lazy\" srcset=\"https:\/\/agathelecocq-avocat.fr\/wp-content\/uploads\/2024\/11\/IMG-20241126-WA0001-578x1024.jpg 578w, https:\/\/agathelecocq-avocat.fr\/wp-content\/uploads\/2024\/11\/IMG-20241126-WA0001-169x300.jpg 169w, https:\/\/agathelecocq-avocat.fr\/wp-content\/uploads\/2024\/11\/IMG-20241126-WA0001-768x1360.jpg 768w, https:\/\/agathelecocq-avocat.fr\/wp-content\/uploads\/2024\/11\/IMG-20241126-WA0001-867x1536.jpg 867w, https:\/\/agathelecocq-avocat.fr\/wp-content\/uploads\/2024\/11\/IMG-20241126-WA0001.jpg 1152w\" sizes=\"(max-width: 578px) 100vw, 578px\" \/>\t\t\t\t\t\t\t\t\t\t\t\t\t\t\t<\/div>\n\t\t\t\t<\/div>\n\t\t\t\t<div class=\"elementor-element elementor-element-7b5cf90 elementor-widget elementor-widget-image\" data-id=\"7b5cf90\" data-element_type=\"widget\" data-widget_type=\"image.default\">\n\t\t\t\t<div class=\"elementor-widget-container\">\n\t\t\t\t\t\t\t\t\t\t\t\t\t\t\t<img width=\"640\" height=\"300\" src=\"https:\/\/agathelecocq-avocat.fr\/wp-content\/uploads\/2022\/09\/cropped-259303623_624006842089602_2585376057579235366_n-1024x480.png\" class=\"attachment-large size-large\" alt=\"\" loading=\"lazy\" srcset=\"https:\/\/agathelecocq-avocat.fr\/wp-content\/uploads\/2022\/09\/cropped-259303623_624006842089602_2585376057579235366_n-1024x480.png 1024w, https:\/\/agathelecocq-avocat.fr\/wp-content\/uploads\/2022\/09\/cropped-259303623_624006842089602_2585376057579235366_n-300x141.png 300w, https:\/\/agathelecocq-avocat.fr\/wp-content\/uploads\/2022\/09\/cropped-259303623_624006842089602_2585376057579235366_n-768x360.png 768w, https:\/\/agathelecocq-avocat.fr\/wp-content\/uploads\/2022\/09\/cropped-259303623_624006842089602_2585376057579235366_n.png 1050w\" sizes=\"(max-width: 640px) 100vw, 640px\" \/>\t\t\t\t\t\t\t\t\t\t\t\t\t\t\t<\/div>\n\t\t\t\t<\/div>\n\t\t\t\t\t<\/div>\n\t\t<\/div>\n\t\t\t\t\t\t\t<\/div>\n\t\t<\/section>\n\t\t\t\t<section class=\"elementor-section elementor-top-section elementor-element elementor-element-0a20320 elementor-section-stretched elementor-section-boxed elementor-section-height-default elementor-section-height-default\" data-id=\"0a20320\" data-element_type=\"section\" data-settings=\"{&quot;stretch_section&quot;:&quot;section-stretched&quot;}\">\n\t\t\t\t\t\t<div class=\"elementor-container elementor-column-gap-default\">\n\t\t\t\t\t<div class=\"elementor-column elementor-col-100 elementor-top-column elementor-element elementor-element-d34562f\" data-id=\"d34562f\" data-element_type=\"column\">\n\t\t\t<div class=\"elementor-widget-wrap elementor-element-populated\">\n\t\t\t\t\t\t\t\t<div class=\"elementor-element elementor-element-9c01979 elementor-widget-divider--view-line elementor-widget elementor-widget-divider\" data-id=\"9c01979\" data-element_type=\"widget\" data-widget_type=\"divider.default\">\n\t\t\t\t<div class=\"elementor-widget-container\">\n\t\t\t<style>\/*! elementor - v3.7.7 - 20-09-2022 *\/\n.elementor-widget-divider{--divider-border-style:none;--divider-border-width:1px;--divider-color:#2c2c2c;--divider-icon-size:20px;--divider-element-spacing:10px;--divider-pattern-height:24px;--divider-pattern-size:20px;--divider-pattern-url:none;--divider-pattern-repeat:repeat-x}.elementor-widget-divider .elementor-divider{display:-webkit-box;display:-ms-flexbox;display:flex}.elementor-widget-divider .elementor-divider__text{font-size:15px;line-height:1;max-width:95%}.elementor-widget-divider .elementor-divider__element{margin:0 var(--divider-element-spacing);-ms-flex-negative:0;flex-shrink:0}.elementor-widget-divider .elementor-icon{font-size:var(--divider-icon-size)}.elementor-widget-divider .elementor-divider-separator{display:-webkit-box;display:-ms-flexbox;display:flex;margin:0;direction:ltr}.elementor-widget-divider--view-line_icon .elementor-divider-separator,.elementor-widget-divider--view-line_text .elementor-divider-separator{-webkit-box-align:center;-ms-flex-align:center;align-items:center}.elementor-widget-divider--view-line_icon .elementor-divider-separator:after,.elementor-widget-divider--view-line_icon .elementor-divider-separator:before,.elementor-widget-divider--view-line_text .elementor-divider-separator:after,.elementor-widget-divider--view-line_text .elementor-divider-separator:before{display:block;content:\"\";border-bottom:0;-webkit-box-flex:1;-ms-flex-positive:1;flex-grow:1;border-top:var(--divider-border-width) var(--divider-border-style) var(--divider-color)}.elementor-widget-divider--element-align-left .elementor-divider .elementor-divider-separator>.elementor-divider__svg:first-of-type{-webkit-box-flex:0;-ms-flex-positive:0;flex-grow:0;-ms-flex-negative:100;flex-shrink:100}.elementor-widget-divider--element-align-left .elementor-divider-separator:before{content:none}.elementor-widget-divider--element-align-left .elementor-divider__element{margin-left:0}.elementor-widget-divider--element-align-right .elementor-divider .elementor-divider-separator>.elementor-divider__svg:last-of-type{-webkit-box-flex:0;-ms-flex-positive:0;flex-grow:0;-ms-flex-negative:100;flex-shrink:100}.elementor-widget-divider--element-align-right .elementor-divider-separator:after{content:none}.elementor-widget-divider--element-align-right .elementor-divider__element{margin-right:0}.elementor-widget-divider:not(.elementor-widget-divider--view-line_text):not(.elementor-widget-divider--view-line_icon) .elementor-divider-separator{border-top:var(--divider-border-width) var(--divider-border-style) var(--divider-color)}.elementor-widget-divider--separator-type-pattern{--divider-border-style:none}.elementor-widget-divider--separator-type-pattern.elementor-widget-divider--view-line .elementor-divider-separator,.elementor-widget-divider--separator-type-pattern:not(.elementor-widget-divider--view-line) .elementor-divider-separator:after,.elementor-widget-divider--separator-type-pattern:not(.elementor-widget-divider--view-line) .elementor-divider-separator:before,.elementor-widget-divider--separator-type-pattern:not([class*=elementor-widget-divider--view]) .elementor-divider-separator{width:100%;min-height:var(--divider-pattern-height);-webkit-mask-size:var(--divider-pattern-size) 100%;mask-size:var(--divider-pattern-size) 100%;-webkit-mask-repeat:var(--divider-pattern-repeat);mask-repeat:var(--divider-pattern-repeat);background-color:var(--divider-color);-webkit-mask-image:var(--divider-pattern-url);mask-image:var(--divider-pattern-url)}.elementor-widget-divider--no-spacing{--divider-pattern-size:auto}.elementor-widget-divider--bg-round{--divider-pattern-repeat:round}.rtl .elementor-widget-divider .elementor-divider__text{direction:rtl}.e-container>.elementor-widget-divider{width:var(--container-widget-width,100%);--flex-grow:var(--container-widget-flex-grow,0)}<\/style>\t\t<div class=\"elementor-divider\">\n\t\t\t<span class=\"elementor-divider-separator\">\n\t\t\t\t\t\t<\/span>\n\t\t<\/div>\n\t\t\t\t<\/div>\n\t\t\t\t<\/div>\n\t\t\t\t<div class=\"elementor-element elementor-element-ba9572d elementor-widget elementor-widget-spacer\" data-id=\"ba9572d\" data-element_type=\"widget\" data-widget_type=\"spacer.default\">\n\t\t\t\t<div class=\"elementor-widget-container\">\n\t\t\t<style>\/*! elementor - v3.7.7 - 20-09-2022 *\/\n.elementor-column .elementor-spacer-inner{height:var(--spacer-size)}.e-container{--container-widget-width:100%}.e-container>.elementor-widget-spacer{width:var(--container-widget-width,var(--spacer-size));-ms-flex-item-align:stretch;align-self:stretch;-ms-flex-negative:0;flex-shrink:0}.e-container>.elementor-widget-spacer>.elementor-widget-container,.e-container>.elementor-widget-spacer>.elementor-widget-container>.elementor-spacer{height:100%}.e-container>.elementor-widget-spacer>.elementor-widget-container>.elementor-spacer>.elementor-spacer-inner{height:var(--container-widget-height,var(--spacer-size))}<\/style>\t\t<div class=\"elementor-spacer\">\n\t\t\t<div class=\"elementor-spacer-inner\"><\/div>\n\t\t<\/div>\n\t\t\t\t<\/div>\n\t\t\t\t<\/div>\n\t\t\t\t\t<\/div>\n\t\t<\/div>\n\t\t\t\t\t\t\t<\/div>\n\t\t<\/section>\n\t\t\t\t<section class=\"elementor-section elementor-top-section elementor-element elementor-element-1e32f5e elementor-section-stretched elementor-section-boxed elementor-section-height-default elementor-section-height-default\" data-id=\"1e32f5e\" data-element_type=\"section\" data-settings=\"{&quot;stretch_section&quot;:&quot;section-stretched&quot;}\">\n\t\t\t\t\t\t<div class=\"elementor-container elementor-column-gap-default\">\n\t\t\t\t\t<div class=\"elementor-column elementor-col-50 elementor-top-column elementor-element elementor-element-76383fe\" data-id=\"76383fe\" data-element_type=\"column\">\n\t\t\t<div class=\"elementor-widget-wrap elementor-element-populated\">\n\t\t\t\t\t\t\t\t<div class=\"elementor-element elementor-element-43c99aa elementor-view-default elementor-invisible elementor-widget elementor-widget-icon\" data-id=\"43c99aa\" data-element_type=\"widget\" data-settings=\"{&quot;_animation&quot;:&quot;slideInUp&quot;}\" data-widget_type=\"icon.default\">\n\t\t\t\t<div class=\"elementor-widget-container\">\n\t\t\t\t\t<div class=\"elementor-icon-wrapper\">\n\t\t\t<a class=\"elementor-icon\" href=\"https:\/\/agathelecocq-avocat.fr\/?page_id=8#famille\">\n\t\t\t<i aria-hidden=\"true\" class=\"fas fa-users\"><\/i>\t\t\t<\/a>\n\t\t<\/div>\n\t\t\t\t<\/div>\n\t\t\t\t<\/div>\n\t\t\t\t<div class=\"elementor-element elementor-element-43387fe elementor-invisible elementor-widget elementor-widget-heading\" data-id=\"43387fe\" data-element_type=\"widget\" data-settings=\"{&quot;_animation&quot;:&quot;slideInUp&quot;}\" data-widget_type=\"heading.default\">\n\t\t\t\t<div class=\"elementor-widget-container\">\n\t\t\t<h2 class=\"elementor-heading-title elementor-size-default\"><a href=\"https:\/\/agathelecocq-avocat.fr\/?page_id=8#famille\">DROIT DE LA FAMILLE<\/a><\/h2>\t\t<\/div>\n\t\t\t\t<\/div>\n\t\t\t\t<div class=\"elementor-element elementor-element-5be2b85 elementor-invisible elementor-widget elementor-widget-text-editor\" data-id=\"5be2b85\" data-element_type=\"widget\" data-settings=\"{&quot;_animation&quot;:&quot;fadeInLeft&quot;}\" data-widget_type=\"text-editor.default\">\n\t\t\t\t<div class=\"elementor-widget-container\">\n\t\t\t\t\t\t\t<ul><li>Divorce par consentement mutuel;<\/li><li>Divorce judiciaire;<\/li><li>Liquidation du r\u00e9gime matrimonial;<\/li><li>Dissolution du PACS;\u00a0<\/li><li>Autorit\u00e9 parentale et mesures li\u00e9es \u00e0 l&#8217;exercice de l&#8217;autorit\u00e9 parentale (r\u00e9sidence altern\u00e9e, droit de visite et d&#8217;h\u00e9bergement, contribution \u00e0 l&#8217;entretien et l&#8217;\u00e9ducation &#8230;) ;<\/li><li>Adoption;<\/li><li>Contestation de paternit\u00e9;<\/li><\/ul>\t\t\t\t\t\t<\/div>\n\t\t\t\t<\/div>\n\t\t\t\t\t<\/div>\n\t\t<\/div>\n\t\t\t\t<div class=\"elementor-column elementor-col-50 elementor-top-column elementor-element elementor-element-1ec4b0e\" data-id=\"1ec4b0e\" data-element_type=\"column\">\n\t\t\t<div class=\"elementor-widget-wrap elementor-element-populated\">\n\t\t\t\t\t\t\t\t<div class=\"elementor-element elementor-element-602b841 elementor-view-default elementor-invisible elementor-widget elementor-widget-icon\" data-id=\"602b841\" data-element_type=\"widget\" data-settings=\"{&quot;_animation&quot;:&quot;slideInUp&quot;}\" data-widget_type=\"icon.default\">\n\t\t\t\t<div class=\"elementor-widget-container\">\n\t\t\t\t\t<div class=\"elementor-icon-wrapper\">\n\t\t\t<a class=\"elementor-icon\" href=\"https:\/\/agathelecocq-avocat.fr\/?page_id=8#penal\">\n\t\t\t<i aria-hidden=\"true\" class=\"fas fa-landmark\"><\/i>\t\t\t<\/a>\n\t\t<\/div>\n\t\t\t\t<\/div>\n\t\t\t\t<\/div>\n\t\t\t\t<div class=\"elementor-element elementor-element-8b053d4 elementor-invisible elementor-widget elementor-widget-heading\" data-id=\"8b053d4\" data-element_type=\"widget\" data-settings=\"{&quot;_animation&quot;:&quot;slideInUp&quot;}\" data-widget_type=\"heading.default\">\n\t\t\t\t<div class=\"elementor-widget-container\">\n\t\t\t<h2 class=\"elementor-heading-title elementor-size-default\"><a href=\"https:\/\/agathelecocq-avocat.fr\/?page_id=8#penal\">DROIT PENAL<\/a><\/h2>\t\t<\/div>\n\t\t\t\t<\/div>\n\t\t\t\t<div class=\"elementor-element elementor-element-7e18587 elementor-invisible elementor-widget elementor-widget-text-editor\" data-id=\"7e18587\" data-element_type=\"widget\" data-settings=\"{&quot;_animation&quot;:&quot;fadeInRight&quot;}\" data-widget_type=\"text-editor.default\">\n\t\t\t\t<div class=\"elementor-widget-container\">\n\t\t\t\t\t\t\t<p><strong>\u00a0\u00a0\u00a0 Mis en cause :<\/strong><\/p><ul><li>Assistance en Garde \u00e0 vue et audition libre ;<\/li><li>Assistance lors de l&#8217;enqu\u00eate de police ;<\/li><li>Assistance du mis en examen et d\u00e9fense de vos droits dans le cadre d&#8217;une instruction;\u00a0<\/li><li>D\u00e9fense de vos droits et de vos int\u00e9r\u00eats dans le cadre d&#8217;une comparution devant le Tribunal Correctionnel ou un renvoi devant la Cour d&#8217;Assises ;\u00a0<\/li><li>Effacement du Bulletin n\u00b02 du Casier Judiciaire;\u00a0<\/li><\/ul>\t\t\t\t\t\t<\/div>\n\t\t\t\t<\/div>\n\t\t\t\t<div class=\"elementor-element elementor-element-11be1c0 elementor-invisible elementor-widget elementor-widget-text-editor\" data-id=\"11be1c0\" data-element_type=\"widget\" data-settings=\"{&quot;_animation&quot;:&quot;fadeInRight&quot;}\" data-widget_type=\"text-editor.default\">\n\t\t\t\t<div class=\"elementor-widget-container\">\n\t\t\t\t\t\t\t<p><strong>\u00a0\u00a0\u00a0 Victimes :<\/strong><\/p><ul><li>Porte parole des victimes d&#8217;infraction p\u00e9nales ;<\/li><li>R\u00e9daction de plainte ;\u00a0<\/li><li>Constitution de partie civile ;<\/li><li>Demande d&#8217;indemnisation ;\u00a0<\/li><\/ul>\t\t\t\t\t\t<\/div>\n\t\t\t\t<\/div>\n\t\t\t\t\t<\/div>\n\t\t<\/div>\n\t\t\t\t\t\t\t<\/div>\n\t\t<\/section>\n\t\t\t\t\t\t\t<\/div>\n\t\t","protected":false},"excerpt":{"rendered":"<p>A propos Install\u00e9e au coeur du centre ville d&#8217;Aix-en-Provence, Ma\u00eetre Agathe LECOCQ met son expertise et sa d\u00e9termination au service de la d\u00e9fense de vos droits. Que vous soyez confront\u00e9 \u00e0 un litige judiciaire ou que vous souhaitiez anticiper une difficult\u00e9, et r\u00e9soudre votre litige amiablement, le Cabinet vous accompagne avec une approche personnalis\u00e9e, alliant [&hellip;]<\/p>\n","protected":false},"author":1,"featured_media":0,"parent":0,"menu_order":0,"comment_status":"closed","ping_status":"closed","template":"","meta":{"om_disable_all_campaigns":false,"_monsterinsights_skip_tracking":false,"_monsterinsights_sitenote_active":false,"_monsterinsights_sitenote_note":"","_monsterinsights_sitenote_category":0},"aioseo_notices":[],"uagb_featured_image_src":{"full":false,"thumbnail":false,"medium":false,"medium_large":false,"large":false,"1536x1536":false,"2048x2048":false,"post-thumbnail":false},"uagb_author_info":{"display_name":"agathelecocq.avocat@gmail.com","author_link":"https:\/\/agathelecocq-avocat.fr\/?author=1"},"uagb_comment_info":0,"uagb_excerpt":"A propos Install\u00e9e au coeur du centre ville d&#8217;Aix-en-Provence, Ma\u00eetre Agathe LECOCQ met son expertise et sa d\u00e9termination au service de la d\u00e9fense de vos droits. Que vous soyez confront\u00e9 \u00e0 un litige judiciaire ou que vous souhaitiez anticiper une difficult\u00e9, et r\u00e9soudre votre litige amiablement, le Cabinet vous accompagne avec une approche personnalis\u00e9e, alliant&hellip;","_links":{"self":[{"href":"https:\/\/agathelecocq-avocat.fr\/index.php?rest_route=\/wp\/v2\/pages\/833"}],"collection":[{"href":"https:\/\/agathelecocq-avocat.fr\/index.php?rest_route=\/wp\/v2\/pages"}],"about":[{"href":"https:\/\/agathelecocq-avocat.fr\/index.php?rest_route=\/wp\/v2\/types\/page"}],"author":[{"embeddable":true,"href":"https:\/\/agathelecocq-avocat.fr\/index.php?rest_route=\/wp\/v2\/users\/1"}],"replies":[{"embeddable":true,"href":"https:\/\/agathelecocq-avocat.fr\/index.php?rest_route=%2Fwp%2Fv2%2Fcomments&post=833"}],"version-history":[{"count":162,"href":"https:\/\/agathelecocq-avocat.fr\/index.php?rest_route=\/wp\/v2\/pages\/833\/revisions"}],"predecessor-version":[{"id":2084,"href":"https:\/\/agathelecocq-avocat.fr\/index.php?rest_route=\/wp\/v2\/pages\/833\/revisions\/2084"}],"wp:attachment":[{"href":"https:\/\/agathelecocq-avocat.fr\/index.php?rest_route=%2Fwp%2Fv2%2Fmedia&parent=833"}],"curies":[{"name":"wp","href":"https:\/\/api.w.org\/{rel}","templated":true}]}}