{"id":3,"date":"2022-09-15T19:43:37","date_gmt":"2022-09-15T19:43:37","guid":{"rendered":"http:\/\/agathelecocq-avocat.fr\/?page_id=3"},"modified":"2024-07-12T09:32:13","modified_gmt":"2024-07-12T09:32:13","slug":"privacy-policy","status":"publish","type":"page","link":"https:\/\/agathelecocq-avocat.fr\/?page_id=3","title":{"rendered":"Mentions l\u00e9gales"},"content":{"rendered":"\t\t<div data-elementor-type=\"wp-page\" data-elementor-id=\"3\" class=\"elementor elementor-3\">\n\t\t\t\t\t\t\t\t\t<section class=\"elementor-section elementor-top-section elementor-element elementor-element-fa48950 elementor-section-boxed elementor-section-height-default elementor-section-height-default\" data-id=\"fa48950\" data-element_type=\"section\">\n\t\t\t\t\t\t<div class=\"elementor-container elementor-column-gap-default\">\n\t\t\t\t\t<div class=\"elementor-column elementor-col-100 elementor-top-column elementor-element elementor-element-7542ea82\" data-id=\"7542ea82\" data-element_type=\"column\">\n\t\t\t<div class=\"elementor-widget-wrap elementor-element-populated\">\n\t\t\t\t\t\t\t\t<div class=\"elementor-element elementor-element-af99671 elementor-widget elementor-widget-heading\" data-id=\"af99671\" data-element_type=\"widget\" data-widget_type=\"heading.default\">\n\t\t\t\t<div class=\"elementor-widget-container\">\n\t\t\t<style>\/*! elementor - v3.7.7 - 20-09-2022 *\/\n.elementor-heading-title{padding:0;margin:0;line-height:1}.elementor-widget-heading .elementor-heading-title[class*=elementor-size-]>a{color:inherit;font-size:inherit;line-height:inherit}.elementor-widget-heading .elementor-heading-title.elementor-size-small{font-size:15px}.elementor-widget-heading .elementor-heading-title.elementor-size-medium{font-size:19px}.elementor-widget-heading .elementor-heading-title.elementor-size-large{font-size:29px}.elementor-widget-heading .elementor-heading-title.elementor-size-xl{font-size:39px}.elementor-widget-heading .elementor-heading-title.elementor-size-xxl{font-size:59px}<\/style><h2 class=\"elementor-heading-title elementor-size-default\">Mentions l\u00e9gales<\/h2>\t\t<\/div>\n\t\t\t\t<\/div>\n\t\t\t\t<div class=\"elementor-element elementor-element-63ac89f7 elementor-widget elementor-widget-text-editor\" data-id=\"63ac89f7\" data-element_type=\"widget\" data-widget_type=\"text-editor.default\">\n\t\t\t\t<div class=\"elementor-widget-container\">\n\t\t\t<style>\/*! elementor - v3.7.7 - 20-09-2022 *\/\n.elementor-widget-text-editor.elementor-drop-cap-view-stacked .elementor-drop-cap{background-color:#818a91;color:#fff}.elementor-widget-text-editor.elementor-drop-cap-view-framed .elementor-drop-cap{color:#818a91;border:3px solid;background-color:transparent}.elementor-widget-text-editor:not(.elementor-drop-cap-view-default) .elementor-drop-cap{margin-top:8px}.elementor-widget-text-editor:not(.elementor-drop-cap-view-default) .elementor-drop-cap-letter{width:1em;height:1em}.elementor-widget-text-editor .elementor-drop-cap{float:left;text-align:center;line-height:1;font-size:50px}.elementor-widget-text-editor .elementor-drop-cap-letter{display:inline-block}<\/style>\t\t\t\t<p><!-- wp:heading --><!-- \/wp:heading --><!-- wp:paragraph --><\/p>\n<p>Vous \u00eates actuellement connect\u00e9 au site internet: http:\/\/agathelecocq-avocat.fr.<\/p>\n<p>Ma\u00eetre Agathe LECOCQ est Avocat inscrit au Barreau d&#8217;AIX EN PROVENCE<\/p>\n<ul>\n<li><span style=\"text-decoration: underline;\">Nom du Cabinet<\/span> : Ma\u00eetre Agathe LECOCQ<\/li>\n<li><span style=\"text-decoration: underline;\">N\u00b0 SIRET<\/span> : 90911053800024<\/li>\n<li><span style=\"text-decoration: underline;\">Forme Juridique : <\/span>Entrepreneur Individuel<\/li>\n<li><span style=\"text-decoration: underline;\">Coordonn\u00e9es<\/span>:\u00a0 30 rue Manuel\u00a0 13100 AIX EN PROVENCE &#8211; agathelecocq.avocat@gmail.com &#8211; 07\/65\/50\/13\/74<\/li>\n<li><span style=\"text-decoration: underline;\">Directeur de Publication<\/span> :Ma\u00eetre Agathe LECOCQ<\/li>\n<li><span style=\"text-decoration: underline;\">H\u00e9bergement : <\/span>HOSTINGER &#8211; 61 Lordou Vironos Street 6023 LARNACA CHYPRE <\/li>\n<\/ul>\n<p><!-- \/wp:heading --><!-- wp:paragraph --><\/p>\n<p>\u00a0<\/p>\n<p><!-- \/wp:paragraph --><!-- wp:heading --><\/p>\n<p>\u00a0<\/p>\n<p><!-- \/wp:paragraph --><!-- wp:heading --><\/p>\n<p>\u00a0<\/p>\n<p><!-- \/wp:paragraph --><\/p>\t\t\t\t\t\t<\/div>\n\t\t\t\t<\/div>\n\t\t\t\t\t<\/div>\n\t\t<\/div>\n\t\t\t\t\t\t\t<\/div>\n\t\t<\/section>\n\t\t\t\t\t\t\t<\/div>\n\t\t","protected":false},"excerpt":{"rendered":"<p>Mentions l\u00e9gales Vous \u00eates actuellement connect\u00e9 au site internet: http:\/\/agathelecocq-avocat.fr. Ma\u00eetre Agathe LECOCQ est Avocat inscrit au Barreau d&#8217;AIX EN PROVENCE Nom du Cabinet : Ma\u00eetre Agathe LECOCQ N\u00b0 SIRET : 90911053800024 Forme Juridique : Entrepreneur Individuel Coordonn\u00e9es:\u00a0 30 rue Manuel\u00a0 13100 AIX EN PROVENCE &#8211; agathelecocq.avocat@gmail.com &#8211; 07\/65\/50\/13\/74 Directeur de Publication :Ma\u00eetre Agathe LECOCQ [&hellip;]<\/p>\n","protected":false},"author":1,"featured_media":0,"parent":0,"menu_order":0,"comment_status":"closed","ping_status":"open","template":"","meta":{"om_disable_all_campaigns":false,"_monsterinsights_skip_tracking":false,"_monsterinsights_sitenote_active":false,"_monsterinsights_sitenote_note":"","_monsterinsights_sitenote_category":0},"aioseo_notices":[],"uagb_featured_image_src":{"full":false,"thumbnail":false,"medium":false,"medium_large":false,"large":false,"1536x1536":false,"2048x2048":false,"post-thumbnail":false},"uagb_author_info":{"display_name":"agathelecocq.avocat@gmail.com","author_link":"https:\/\/agathelecocq-avocat.fr\/?author=1"},"uagb_comment_info":0,"uagb_excerpt":"Mentions l\u00e9gales Vous \u00eates actuellement connect\u00e9 au site internet: http:\/\/agathelecocq-avocat.fr. Ma\u00eetre Agathe LECOCQ est Avocat inscrit au Barreau d&#8217;AIX EN PROVENCE Nom du Cabinet : Ma\u00eetre Agathe LECOCQ N\u00b0 SIRET : 90911053800024 Forme Juridique : Entrepreneur Individuel Coordonn\u00e9es:\u00a0 30 rue Manuel\u00a0 13100 AIX EN PROVENCE &#8211; agathelecocq.avocat@gmail.com &#8211; 07\/65\/50\/13\/74 Directeur de Publication :Ma\u00eetre Agathe LECOCQ&hellip;","_links":{"self":[{"href":"https:\/\/agathelecocq-avocat.fr\/index.php?rest_route=\/wp\/v2\/pages\/3"}],"collection":[{"href":"https:\/\/agathelecocq-avocat.fr\/index.php?rest_route=\/wp\/v2\/pages"}],"about":[{"href":"https:\/\/agathelecocq-avocat.fr\/index.php?rest_route=\/wp\/v2\/types\/page"}],"author":[{"embeddable":true,"href":"https:\/\/agathelecocq-avocat.fr\/index.php?rest_route=\/wp\/v2\/users\/1"}],"replies":[{"embeddable":true,"href":"https:\/\/agathelecocq-avocat.fr\/index.php?rest_route=%2Fwp%2Fv2%2Fcomments&post=3"}],"version-history":[{"count":13,"href":"https:\/\/agathelecocq-avocat.fr\/index.php?rest_route=\/wp\/v2\/pages\/3\/revisions"}],"predecessor-version":[{"id":2057,"href":"https:\/\/agathelecocq-avocat.fr\/index.php?rest_route=\/wp\/v2\/pages\/3\/revisions\/2057"}],"wp:attachment":[{"href":"https:\/\/agathelecocq-avocat.fr\/index.php?rest_route=%2Fwp%2Fv2%2Fmedia&parent=3"}],"curies":[{"name":"wp","href":"https:\/\/api.w.org\/{rel}","templated":true}]}}